{"id":77,"date":"2023-03-28T13:42:23","date_gmt":"2023-03-28T13:42:23","guid":{"rendered":"https:\/\/spremnost_razlicitost.uniri.hr\/?page_id=77"},"modified":"2023-04-03T11:19:07","modified_gmt":"2023-04-03T11:19:07","slug":"projektni-tim","status":"publish","type":"page","link":"https:\/\/spremnost_razlicitost.uniri.hr\/?page_id=77","title":{"rendered":"PROJEKTNI TIM"},"content":{"rendered":"\n<div class=\"is-layout-constrained wp-block-group has-background\" style=\"background-color:#121212;padding-top:0px;padding-bottom:100px\">\n<div class=\"is-layout-flex wp-container-19 wp-block-columns alignfull\">\n<div class=\"is-layout-flow wp-block-column\">\n<div class=\"is-layout-flow wp-block-group\">\n<div class=\"is-layout-flex wp-container-16 wp-block-columns\">\n<div class=\"is-layout-flow wp-block-column zeever-animate zeever-move-up zeever-delay-1\">\n<div class=\"is-layout-flow wp-block-group has-border-color has-zeever-border-border-color has-black-background-color has-background\" style=\"border-style:solid;border-width:1px;border-top-left-radius:0px;border-top-right-radius:0px;border-bottom-left-radius:0px;border-bottom-right-radius:0px;padding-top:40px;padding-right:40px;padding-bottom:80px;padding-left:40px\">\n<div class=\"is-layout-flex wp-container-3 wp-block-columns\">\n<div class=\"is-layout-flow wp-block-column\">\n<figure class=\"wp-duotone-f78da7-ffffff-1 wp-block-image aligncenter size-full is-resized\"><img decoding=\"async\" loading=\"lazy\" src=\"https:\/\/spremnost_razlicitost.uniri.hr\/wp-content\/themes\/zeever\/assets\/img\/quote.webp\" alt=\"\" class=\"wp-image-136\" width=\"59\" height=\"43\"\/><\/figure>\n<\/div>\n<\/div>\n\n\n\n<p class=\"has-text-align-center has-zeever-bodytext-color has-text-color has-tiny-font-size\">Docent pri Katedri za dru\u0161tvene i humanisti\u010dke znanosti u medicini Medicinskog fakulteta te pri Katedri za javno zdravstvo Fakulteta zdravstvenih studija Sveu\u010dili\u0161ta u Rijeci.<\/p>\n<\/div>\n\n\n\n<figure class=\"wp-block-image aligncenter size-full is-resized has-custom-border zeever-margin-top-n40 is-style-rounded\"><a href=\"https:\/\/portal.uniri.hr\/portfelj\/2035\"><img decoding=\"async\" loading=\"lazy\" src=\"http:\/\/spremnost_razlicitost.uniri.hr\/wp-content\/uploads\/2023\/03\/s200_robert.dori_i_.jpg\" alt=\"\" class=\"wp-image-78\" style=\"border-radius:100px\" width=\"146\" height=\"156\"\/><\/a><\/figure>\n\n\n\n<h2 class=\"has-text-align-center has-white-color has-text-color has-tiny-font-size\" style=\"margin-top:15px\"><a href=\"https:\/\/portal.uniri.hr\/portfelj\/2035\">doc. dr. sc. Robert Dori\u010di\u0107<\/a><\/h2>\n\n\n\n<h2 class=\"has-text-align-center has-zeever-bodytext-color has-text-color\" style=\"font-size:14px;font-style:normal;font-weight:400;line-height:0\">Voditelj projekta<\/h2>\n<\/div>\n\n\n\n<div class=\"is-layout-flow wp-block-column zeever-animate zeever-move-up zeever-delay-3\">\n<div class=\"is-layout-flow wp-block-group has-border-color has-zeever-border-border-color has-black-background-color has-background\" style=\"border-style:solid;border-width:1px;border-top-left-radius:0px;border-top-right-radius:0px;border-bottom-left-radius:0px;border-bottom-right-radius:0px;padding-top:40px;padding-right:40px;padding-bottom:80px;padding-left:40px\">\n<div class=\"is-layout-flex wp-container-8 wp-block-columns\">\n<div class=\"is-layout-flow wp-block-column\">\n<figure class=\"wp-duotone-f78da7-ffffff-6 wp-block-image aligncenter size-full is-resized\"><img decoding=\"async\" loading=\"lazy\" src=\"https:\/\/spremnost_razlicitost.uniri.hr\/wp-content\/themes\/zeever\/assets\/img\/quote.webp\" alt=\"\" class=\"wp-image-136\" width=\"59\" height=\"43\"\/><\/figure>\n<\/div>\n<\/div>\n\n\n\n<p class=\"has-text-align-center has-zeever-bodytext-color has-text-color has-tiny-font-size\">Asistentica pri Katedri za dru\u0161tvene i humanisti\u010dke znanosti u medicini Medicinskog fakulteta Sveu\u010dili\u0161ta u Rijeci na HRZZ projektu &#8220;Projekt razvoja karijera mladih istra\u017eiva\u010da &#8211; izobrazba novih doktora znanosti&#8221;.<\/p>\n<\/div>\n\n\n\n<figure class=\"wp-block-image aligncenter size-full is-resized has-custom-border zeever-margin-top-n40 is-style-rounded\"><a href=\"https:\/\/portal.uniri.hr\/Portfelj\/index\/6276\"><img decoding=\"async\" loading=\"lazy\" src=\"https:\/\/spremnost_razlicitost.uniri.hr\/wp-content\/uploads\/2023\/03\/ivana.jpg\" alt=\"\" class=\"wp-image-79\" style=\"border-style:none;border-width:0px;border-radius:100px\" width=\"132\" height=\"142\"\/><\/a><\/figure>\n\n\n\n<h2 class=\"has-text-align-center has-white-color has-text-color has-tiny-font-size\" style=\"margin-top:15px\"><a href=\"https:\/\/portal.uniri.hr\/Portfelj\/index\/6276\">Ivana Tuti\u0107 Grok\u0161a, mag. act. soc.<\/a><\/h2>\n<\/div>\n\n\n\n<div class=\"is-layout-flow wp-block-column zeever-animate zeever-move-up zeever-delay-5\">\n<div class=\"is-layout-flow wp-block-group has-border-color has-zeever-border-border-color has-black-background-color has-background\" style=\"border-style:solid;border-width:1px;border-top-left-radius:0px;border-top-right-radius:0px;border-bottom-left-radius:0px;border-bottom-right-radius:0px;padding-top:40px;padding-right:40px;padding-bottom:80px;padding-left:40px\">\n<div class=\"is-layout-flex wp-container-13 wp-block-columns\">\n<div class=\"is-layout-flow wp-block-column\">\n<figure class=\"wp-duotone-f78da7-ffffff-11 wp-block-image aligncenter size-full is-resized\"><img decoding=\"async\" src=\"https:\/\/spremnost_razlicitost.uniri.hr\/wp-content\/themes\/zeever\/assets\/img\/quote.webp\" alt=\"\" class=\"wp-image-136\" width=\"60\"\/><\/figure>\n<\/div>\n<\/div>\n\n\n\n<p class=\"has-text-align-center has-zeever-bodytext-color has-text-color has-tiny-font-size\">Vi\u0161i asistent pri Katedri za dru\u0161tvene i humanisti\u010dke znanosti u medicini Medicinskog fakulteta te pri Katedri za javno zdravstvo Fakulteta zdravstvenih studija Sveu\u010dili\u0161ta u Rijeci.<\/p>\n<\/div>\n\n\n\n<figure class=\"wp-block-image aligncenter size-full is-resized has-custom-border zeever-margin-top-n40 is-style-rounded\"><a href=\"https:\/\/portal.uniri.hr\/Portfelj\/Index\/2851\"><img decoding=\"async\" loading=\"lazy\" src=\"https:\/\/spremnost_razlicitost.uniri.hr\/wp-content\/uploads\/2023\/03\/091021_fritz-jahr_129.jpeg\" alt=\"\" class=\"wp-image-83\" style=\"border-radius:100px\" width=\"131\" height=\"141\" srcset=\"https:\/\/spremnost_razlicitost.uniri.hr\/wp-content\/uploads\/2023\/03\/091021_fritz-jahr_129.jpeg 546w, https:\/\/spremnost_razlicitost.uniri.hr\/wp-content\/uploads\/2023\/03\/091021_fritz-jahr_129-277x300.jpeg 277w\" sizes=\"(max-width: 131px) 100vw, 131px\" \/><\/a><\/figure>\n\n\n\n<h2 class=\"has-text-align-center has-white-color has-text-color has-tiny-font-size\" style=\"margin-top:15px\"><a href=\"https:\/\/portal.uniri.hr\/Portfelj\/Index\/2851\">dr. sc. Toni Buterin<\/a><\/h2>\n<\/div>\n<\/div>\n<\/div>\n<\/div>\n<\/div>\n<\/div>\n\n\n\n<div class=\"is-layout-constrained wp-container-45 wp-block-group has-background\" style=\"border-style:none;border-width:0px;border-radius:0px;background-color:#121212;padding-top:0px;padding-bottom:0px;padding-left:0\">\n<div class=\"is-layout-flex wp-container-44 wp-block-columns alignfull\">\n<div class=\"is-layout-flow wp-block-column\">\n<div class=\"is-layout-flow wp-block-group\">\n<div class=\"is-layout-flex wp-container-41 wp-block-columns are-vertically-aligned-bottom\">\n<div class=\"is-layout-flow wp-block-column is-vertically-aligned-bottom zeever-animate zeever-move-up zeever-delay-1\">\n<div class=\"is-layout-flow wp-block-group has-border-color has-zeever-border-border-color has-black-background-color has-background\" style=\"border-style:solid;border-width:1px;border-top-left-radius:0px;border-top-right-radius:0px;border-bottom-left-radius:0px;border-bottom-right-radius:0px;padding-top:29px;padding-right:40px;padding-bottom:79px;padding-left:40px\">\n<div class=\"is-layout-flex wp-container-23 wp-block-columns\">\n<div class=\"is-layout-flow wp-block-column\">\n<figure class=\"wp-duotone-f78da7-ffffff-21 wp-block-image aligncenter size-full is-resized has-custom-border\"><img decoding=\"async\" src=\"https:\/\/spremnost_razlicitost.uniri.hr\/wp-content\/themes\/zeever\/assets\/img\/quote.webp\" alt=\"\" class=\"wp-image-136\" style=\"border-style:none;border-width:0px\" width=\"60\"\/><\/figure>\n<\/div>\n<\/div>\n\n\n\n<p class=\"has-text-align-center has-zeever-bodytext-color has-text-color has-tiny-font-size\">Docent pri Katedri za dru\u0161tvene i humanisti\u010dke znanosti u medicini Medicinskog fakulteta Sveu\u010dili\u0161ta u Rijeci.<\/p>\n<\/div>\n\n\n\n<figure class=\"wp-block-image aligncenter size-full is-resized has-custom-border zeever-margin-top-n40 is-style-rounded\"><a href=\"https:\/\/portal.uniri.hr\/portfelj\/1725\"><img decoding=\"async\" loading=\"lazy\" src=\"https:\/\/spremnost_razlicitost.uniri.hr\/wp-content\/uploads\/2023\/03\/igor.jpg\" alt=\"\" class=\"wp-image-84\" style=\"border-radius:100px\" width=\"139\" height=\"150\"\/><\/a><\/figure>\n\n\n\n<h2 class=\"has-text-align-center has-white-color has-text-color has-tiny-font-size\" style=\"margin-top:15px\"><a href=\"https:\/\/portal.uniri.hr\/portfelj\/1725\">doc. dr. sc. Igor Eterovi\u0107<\/a><\/h2>\n<\/div>\n\n\n\n<div class=\"is-layout-flow wp-block-column is-vertically-aligned-bottom zeever-animate zeever-move-up zeever-delay-1\">\n<div class=\"is-layout-flow wp-block-group has-border-color has-zeever-border-border-color has-black-background-color has-background\" style=\"border-style:solid;border-width:1px;border-top-left-radius:0px;border-top-right-radius:0px;border-bottom-left-radius:0px;border-bottom-right-radius:0px;padding-top:39px;padding-right:40px;padding-bottom:80px;padding-left:40px\">\n<div class=\"is-layout-flex wp-container-28 wp-block-columns\">\n<div class=\"is-layout-flow wp-block-column\">\n<figure class=\"wp-duotone-f78da7-ffffff-26 wp-block-image aligncenter size-full is-resized has-custom-border\"><img decoding=\"async\" src=\"https:\/\/spremnost_razlicitost.uniri.hr\/wp-content\/themes\/zeever\/assets\/img\/quote.webp\" alt=\"\" class=\"wp-image-136\" style=\"border-style:none;border-width:0px\" width=\"60\"\/><\/figure>\n<\/div>\n<\/div>\n\n\n\n<p class=\"has-text-align-center has-zeever-bodytext-color has-text-color has-tiny-font-size\">Predava\u010dica pri Katedri za dru\u0161tvene i humanisti\u010dke znanosti u medicini Medicinskog fakulteta Sveu\u010dili\u0161ta u Rijeci.<\/p>\n<\/div>\n\n\n\n<figure class=\"wp-block-image aligncenter size-full is-resized has-custom-border zeever-margin-top-n40 is-style-rounded\"><a href=\"https:\/\/portal.uniri.hr\/portfelj\/814\"><img decoding=\"async\" loading=\"lazy\" src=\"https:\/\/spremnost_razlicitost.uniri.hr\/wp-content\/uploads\/2023\/04\/Matea-Butkovic.jpg\" alt=\"\" class=\"wp-image-254\" style=\"border-radius:100px\" width=\"139\" height=\"150\"\/><\/a><\/figure>\n\n\n\n<h2 class=\"has-text-align-center has-white-color has-text-color has-tiny-font-size\" style=\"margin-top:15px\"><a href=\"https:\/\/portal.uniri.hr\/portfelj\/814\">dr. sc. Matea Butkovi\u0107<\/a><\/h2>\n<\/div>\n\n\n\n<div class=\"is-layout-flow wp-block-column is-vertically-aligned-bottom zeever-animate zeever-move-up zeever-delay-3\">\n<div class=\"is-layout-flow wp-block-group has-border-color has-zeever-border-border-color has-black-background-color has-background\" style=\"border-style:solid;border-width:1px;border-top-left-radius:0px;border-top-right-radius:0px;border-bottom-left-radius:0px;border-bottom-right-radius:0px;padding-top:32px;padding-right:40px;padding-bottom:80px;padding-left:40px\">\n<div class=\"is-layout-flex wp-container-33 wp-block-columns\">\n<div class=\"is-layout-flow wp-block-column\">\n<figure class=\"wp-duotone-f78da7-ffffff-31 wp-block-image aligncenter size-full is-resized\"><img decoding=\"async\" src=\"https:\/\/spremnost_razlicitost.uniri.hr\/wp-content\/themes\/zeever\/assets\/img\/quote.webp\" alt=\"\" class=\"wp-image-136\" width=\"60\"\/><\/figure>\n<\/div>\n<\/div>\n\n\n\n<p class=\"has-text-align-center has-zeever-bodytext-color has-text-color has-tiny-font-size\">Predava\u010dica pri Katedri za javno zdravstvo na Fakultetu zdravstvenih studija Sveu\u010dili\u0161ta u Rijeci.<\/p>\n\n\n\n<p style=\"font-size:4px\"><\/p>\n<\/div>\n\n\n\n<figure class=\"wp-block-image aligncenter size-full is-resized has-custom-border zeever-margin-top-n40 is-style-rounded\"><a href=\"https:\/\/portal.uniri.hr\/Portfelj\/index\/4086\"><img decoding=\"async\" loading=\"lazy\" src=\"https:\/\/spremnost_razlicitost.uniri.hr\/wp-content\/uploads\/2023\/03\/08-300x300-1.jpg\" alt=\"\" class=\"wp-image-137\" style=\"border-style:none;border-width:0px;border-radius:100px\" width=\"143\" height=\"154\"\/><\/a><\/figure>\n\n\n\n<h2 class=\"has-text-align-center has-white-color has-text-color has-tiny-font-size\" style=\"margin-top:15px\"><a href=\"https:\/\/portal.uniri.hr\/Portfelj\/index\/4086\">Helena \u0160trucelj, dipl. psih. prof.<\/a><\/h2>\n<\/div>\n\n\n\n<div class=\"is-layout-flow wp-block-column is-vertically-aligned-bottom zeever-animate zeever-move-up zeever-delay-5\">\n<div class=\"is-layout-flow wp-block-group has-border-color has-zeever-border-border-color has-black-background-color has-background\" style=\"border-width:1px;border-top-left-radius:0px;border-top-right-radius:0px;border-bottom-left-radius:0px;border-bottom-right-radius:0px;padding-top:37px;padding-right:40px;padding-bottom:80px;padding-left:40px\">\n<div class=\"is-layout-flex wp-container-38 wp-block-columns\">\n<div class=\"is-layout-flow wp-block-column is-vertically-aligned-top\">\n<figure class=\"wp-duotone-f78da7-ffffff-36 wp-block-image aligncenter size-full is-resized\"><img decoding=\"async\" src=\"https:\/\/spremnost_razlicitost.uniri.hr\/wp-content\/themes\/zeever\/assets\/img\/quote.webp\" alt=\"\" class=\"wp-image-136\" width=\"60\"\/><\/figure>\n<\/div>\n<\/div>\n\n\n\n<p class=\"has-text-align-center has-zeever-bodytext-color has-text-color has-tiny-font-size\">Vanjski suradnik i nastavnik engleskog jezika u Osnovnoj \u0161koli Gornja Ve\u017eica, Rijeka.<\/p>\n<\/div>\n\n\n\n<figure class=\"wp-block-image aligncenter size-full is-resized has-custom-border zeever-margin-top-n40 is-style-rounded\"><img decoding=\"async\" loading=\"lazy\" src=\"https:\/\/spremnost_razlicitost.uniri.hr\/wp-content\/uploads\/2023\/03\/gio1-7.png\" alt=\"\" class=\"wp-image-233\" style=\"border-style:none;border-width:0px;border-radius:100px\" width=\"135\" height=\"146\"\/><\/figure>\n\n\n\n<h2 class=\"has-text-align-center has-white-color has-text-color has-tiny-font-size\" style=\"margin-top:15px\">Ivan Butkovi\u0107, mag. educ. angl. et. paed.<\/h2>\n<\/div>\n<\/div>\n<\/div>\n<\/div>\n<\/div>\n<\/div>\n","protected":false},"excerpt":{"rendered":"<p>Docent pri Katedri za dru\u0161tvene i humanisti\u010dke znanosti u medicini Medicinskog fakulteta te pri Katedri za javno zdravstvo Fakulteta zdravstvenih studija Sveu\u010dili\u0161ta u Rijeci. doc. dr. sc. Robert Dori\u010di\u0107 Voditelj projekta Asistentica pri Katedri za dru\u0161tvene i humanisti\u010dke znanosti u medicini Medicinskog fakulteta Sveu\u010dili\u0161ta u Rijeci na HRZZ projektu &#8220;Projekt razvoja karijera mladih istra\u017eiva\u010da &#8211; izobrazba novih doktora znanosti&#8221;. Ivana Tuti\u0107 Grok\u0161a, mag. act. soc. Vi\u0161i asistent pri Katedri za dru\u0161tvene i humanisti\u010dke znanosti u medicini Medicinskog fakulteta te pri Katedri za javno zdravstvo Fakulteta zdravstvenih studija Sveu\u010dili\u0161ta u Rijeci. dr. sc. Toni Buterin Docent pri Katedri za dru\u0161tvene i<\/p>\n","protected":false},"author":2,"featured_media":0,"parent":0,"menu_order":0,"comment_status":"closed","ping_status":"closed","template":"","meta":[],"_links":{"self":[{"href":"https:\/\/spremnost_razlicitost.uniri.hr\/index.php?rest_route=\/wp\/v2\/pages\/77"}],"collection":[{"href":"https:\/\/spremnost_razlicitost.uniri.hr\/index.php?rest_route=\/wp\/v2\/pages"}],"about":[{"href":"https:\/\/spremnost_razlicitost.uniri.hr\/index.php?rest_route=\/wp\/v2\/types\/page"}],"author":[{"embeddable":true,"href":"https:\/\/spremnost_razlicitost.uniri.hr\/index.php?rest_route=\/wp\/v2\/users\/2"}],"replies":[{"embeddable":true,"href":"https:\/\/spremnost_razlicitost.uniri.hr\/index.php?rest_route=%2Fwp%2Fv2%2Fcomments&post=77"}],"version-history":[{"count":41,"href":"https:\/\/spremnost_razlicitost.uniri.hr\/index.php?rest_route=\/wp\/v2\/pages\/77\/revisions"}],"predecessor-version":[{"id":279,"href":"https:\/\/spremnost_razlicitost.uniri.hr\/index.php?rest_route=\/wp\/v2\/pages\/77\/revisions\/279"}],"wp:attachment":[{"href":"https:\/\/spremnost_razlicitost.uniri.hr\/index.php?rest_route=%2Fwp%2Fv2%2Fmedia&parent=77"}],"curies":[{"name":"wp","href":"https:\/\/api.w.org\/{rel}","templated":true}]}}